{"id":399,"date":"2013-03-31T16:10:13","date_gmt":"2013-03-31T14:10:13","guid":{"rendered":"http:\/\/www.axelweis.bplaced.net\/wordpress\/?page_id=399"},"modified":"2026-03-31T08:20:53","modified_gmt":"2026-03-31T06:20:53","slug":"impressum","status":"publish","type":"page","link":"https:\/\/www.axelweis.bplaced.net\/wordpress\/impressum","title":{"rendered":"Impressum"},"content":{"rendered":"<p><em><strong>\u2022 Anschrift:<\/strong><br \/>\n<\/em>Axel Wei\u00df, Obernbreit, Germany<\/p>\n<p><strong><em>\u2022 Copyright-Anmerkung:<br \/>\n<\/em><\/strong>All rights reserved by the artist(s) \/\u00a0<em>alle Rechte bei dem\/den jeweiligen K\u00fcnstler(n)<\/em><\/p>\n<p><strong><em>\u2022 Haftungshinweis:<br \/>\n<\/em><\/strong>Wir sind bem\u00fcht, auf diesen Seiten aktuelle, vollst\u00e4ndige und inhaltlich korrekte Informationen zu bieten. Trotzdem k\u00f6nnen wir keinerlei Gew\u00e4hr f\u00fcr die Vollst\u00e4ndigkeit, und Aktualit\u00e4t aller Informationen \u00fcbernehmen. Soweit \u00fcber Links auf andere Seiten des Internets verwiesen wird, haften wir f\u00fcr diese nicht. Dies betrifft s\u00e4mtliche Inhalte und Darstellungen anderer Seiten.<\/p>\n<h2><span style=\"color: #993366;\"><em><strong>\u2022 Datenschutzerkl\u00e4rung<\/strong><\/em><\/span><\/h2>\n<h2>Personenbezogene Daten<\/h2>\n<p><em>Kommentarfunktion<br \/>\n<\/em>F\u00fcr die Kommentarfunktion auf dieser Website werden neben Ihrem Kommentar auch die Angabe zum Zeitpunkt der Erstellung des Kommentars, Ihre E-Mail-Adresse und, wenn Sie nicht anonym posten, der von Ihnen gew\u00e4hlte Nutzername gespeichert. Diese verbleiben auf unserer Website, bis der kommentierte Inhalt vollst\u00e4ndig gel\u00f6scht wurde oder die Kommentare aus datenschutzrechtlichen Gr\u00fcnden gel\u00f6scht werden m\u00fcssen.<br \/>\nDie Speicherung der Kommentare erfolgt auf Grundlage Ihrer Einwilligung (Art. 6 Abs. 1 lit. a DSGVO) bzw. aufgrund unseres berechtigten Interesses (Art. 6 Abs. 1 lit. f DSGVO), um auf rechtswidrige Inhalte reagieren zu k\u00f6nnen.<\/p>\n<p><em>Eingebettete Inhalte von anderen Websites<br \/>\n<\/em>Beitr\u00e4ge auf dieser Website k\u00f6nnen eingebettete Inhalte beinhalten (z.\u00a0B. Videos, Bilder, Beitr\u00e4ge etc.). Eingebettete Inhalte von anderen Websites verhalten sich exakt so, als ob der Besucher die andere Website besucht h\u00e4tte.<br \/>\nDiese Websites k\u00f6nnten Daten \u00fcber Besucher sammeln, Cookies benutzen, zus\u00e4tzliche Tracking-Dienste von Dritten einbetten und Ihre Interaktion mit diesem eingebetteten Inhalt aufzeichnen, inklusive Interaktionen mit dem eingebetteten Inhalt, falls diese ein Konto haben und dort angemeldet sind.<\/p>\n<p><em><strong>\u2022 Erweiterte Datenschutzerkl\u00e4rung<\/strong><\/em><\/p>\n<p>Wir freuen uns \u00fcber Ihr Interesse an unserer k\u00fcnstlerischen T\u00e4tigkeit. Datenschutz hat einen hohen Stellenwert f\u00fcr uns. Eine Nutzung unserer Internetseite ist grunds\u00e4tzlich ohne jede Angabe personenbezogener Daten m\u00f6glich. Sofern eine betroffene Person besondere Services unseres Unternehmens \u00fcber unsere Internetseite in Anspruch nehmen m\u00f6chte, k\u00f6nnte jedoch eine Verarbeitung personenbezogener Daten erforderlich werden. Ist die Verarbeitung personenbezogener Daten erforderlich und besteht f\u00fcr eine solche Verarbeitung keine gesetzliche Grundlage, holen wir generell eine Einwilligung der betroffenen Person ein.<br \/>\nDie Verarbeitung personenbezogener Daten, beispielsweise des Namens, der Anschrift, E-Mail-Adresse oder Telefonnummer einer betroffenen Person, erfolgt stets im Einklang mit der Datenschutz-Grundverordnung und in \u00dcbereinstimmung mit den f\u00fcr uns geltenden landesspezifischen Datenschutzbestimmungen. Mittels dieser Datenschutzerkl\u00e4rung m\u00f6chten wir die \u00d6ffentlichkeit \u00fcber Art, Umfang und Zweck der von uns erhobenen, genutzten und verarbeiteten personenbezogenen Daten informieren. Ferner werden betroffene Personen mittels dieser Datenschutzerkl\u00e4rung \u00fcber die ihnen zustehenden Rechte aufgekl\u00e4rt.<br \/>\nInternetbasierte Daten\u00fcbertragungen k\u00f6nnen grunds\u00e4tzlich Sicherheitsl\u00fccken aufweisen, sodass ein absoluter Schutz nicht gew\u00e4hrleistet werden kann. Aus diesem Grund steht es jeder betroffenen Person frei, personenbezogene Daten auch auf alternativen Wegen, beispielsweise telefonisch oder per e-Mail, an uns zu \u00fcbermitteln.<\/p>\n<p>Erfassung von allgemeinen Daten und Informationen<br \/>\nEine Internetseite wie die unsere erfasst mit jedem Aufruf der Internetseite durch eine Person oder ein automatisiertes System eine Reihe von allgemeinen Daten und Informationen. Diese allgemeinen Daten und Informationen werden in den Logfiles des Servers gespeichert. Erfasst werden k\u00f6nnen die verwendeten Browsertypen und Versionen, das vom zugreifenden System verwendete Betriebssystem, die Internetseite, von welcher ein zugreifendes System auf unsere Internetseite gelangt (sogenannte Referrer), die Unterwebseiten, welche \u00fcber ein zugreifendes System auf unserer Internetseite angesteuert werden, das Datum und die Uhrzeit eines Zugriffs auf die Internetseite, eine Internet-Protokoll-Adresse (IP-Adresse), der Internet-Service-Provider des zugreifenden Systems und sonstige \u00e4hnliche Daten und Informationen, die der Gefahrenabwehr im Falle von Angriffen auf unsere informationstechnologischen Systeme dienen.<br \/>\nBei der Nutzung dieser allgemeinen Daten und Informationen ziehen wir keinerlei R\u00fcckschl\u00fcsse auf die betroffene Person. Die anonymen Daten der Server-Logfiles werden getrennt von allen durch eine betroffene Person angegebenen personenbezogenen Daten gespeichert.<\/p>\n","protected":false},"excerpt":{"rendered":"<p>\u2022 Anschrift: Axel Wei\u00df, Obernbreit, Germany \u2022 Copyright-Anmerkung: All rights reserved by the artist(s) \/\u00a0alle Rechte bei dem\/den jeweiligen K\u00fcnstler(n) \u2022 Haftungshinweis: Wir sind bem\u00fcht, auf diesen Seiten aktuelle, vollst\u00e4ndige und inhaltlich korrekte Informationen zu bieten. Trotzdem k\u00f6nnen wir keinerlei &hellip; <a href=\"https:\/\/www.axelweis.bplaced.net\/wordpress\/impressum\">Weiterlesen <span class=\"meta-nav\">&rarr;<\/span><\/a><\/p>\n","protected":false},"author":1,"featured_media":915,"parent":0,"menu_order":0,"comment_status":"closed","ping_status":"closed","template":"","meta":{"footnotes":"","_links_to":"","_links_to_target":""},"class_list":["post-399","page","type-page","status-publish","has-post-thumbnail","hentry"],"_links":{"self":[{"href":"https:\/\/www.axelweis.bplaced.net\/wordpress\/wp-json\/wp\/v2\/pages\/399","targetHints":{"allow":["GET"]}}],"collection":[{"href":"https:\/\/www.axelweis.bplaced.net\/wordpress\/wp-json\/wp\/v2\/pages"}],"about":[{"href":"https:\/\/www.axelweis.bplaced.net\/wordpress\/wp-json\/wp\/v2\/types\/page"}],"author":[{"embeddable":true,"href":"https:\/\/www.axelweis.bplaced.net\/wordpress\/wp-json\/wp\/v2\/users\/1"}],"replies":[{"embeddable":true,"href":"https:\/\/www.axelweis.bplaced.net\/wordpress\/wp-json\/wp\/v2\/comments?post=399"}],"version-history":[{"count":22,"href":"https:\/\/www.axelweis.bplaced.net\/wordpress\/wp-json\/wp\/v2\/pages\/399\/revisions"}],"predecessor-version":[{"id":3406,"href":"https:\/\/www.axelweis.bplaced.net\/wordpress\/wp-json\/wp\/v2\/pages\/399\/revisions\/3406"}],"wp:featuredmedia":[{"embeddable":true,"href":"https:\/\/www.axelweis.bplaced.net\/wordpress\/wp-json\/wp\/v2\/media\/915"}],"wp:attachment":[{"href":"https:\/\/www.axelweis.bplaced.net\/wordpress\/wp-json\/wp\/v2\/media?parent=399"}],"curies":[{"name":"wp","href":"https:\/\/api.w.org\/{rel}","templated":true}]}}